{"id":489,"date":"2025-07-23T08:41:37","date_gmt":"2025-07-23T08:41:37","guid":{"rendered":"http:\/\/emygri.be\/?page_id=489"},"modified":"2025-09-25T07:31:21","modified_gmt":"2025-09-25T07:31:21","slug":"expositions-passees-et-a-venir","status":"publish","type":"page","link":"https:\/\/emygri.be\/index.php\/expositions-passees-et-a-venir\/","title":{"rendered":"Expositions"},"content":{"rendered":"\t\t<div data-elementor-type=\"wp-page\" data-elementor-id=\"489\" class=\"elementor elementor-489\">\n\t\t\t\t<div class=\"elementor-element elementor-element-4030f51 e-flex e-con-boxed e-con e-parent\" data-id=\"4030f51\" data-element_type=\"container\">\n\t\t\t\t\t<div class=\"e-con-inner\">\n\t\t\t\t<div class=\"elementor-element elementor-element-fab31f9 elementor-widget elementor-widget-image\" data-id=\"fab31f9\" data-element_type=\"widget\" data-widget_type=\"image.default\">\n\t\t\t\t<div class=\"elementor-widget-container\">\n\t\t\t\t\t\t\t\t\t\t\t\t\t\t\t<img fetchpriority=\"high\" decoding=\"async\" width=\"2560\" height=\"1608\" src=\"https:\/\/emygri.be\/wp-content\/uploads\/2025\/07\/20250517_130835040-1-scaled.jpg\" class=\"attachment-full size-full wp-image-508\" alt=\"\" srcset=\"https:\/\/emygri.be\/wp-content\/uploads\/2025\/07\/20250517_130835040-1-scaled.jpg 2560w, https:\/\/emygri.be\/wp-content\/uploads\/2025\/07\/20250517_130835040-1-300x188.jpg 300w, https:\/\/emygri.be\/wp-content\/uploads\/2025\/07\/20250517_130835040-1-1024x643.jpg 1024w, https:\/\/emygri.be\/wp-content\/uploads\/2025\/07\/20250517_130835040-1-768x482.jpg 768w, https:\/\/emygri.be\/wp-content\/uploads\/2025\/07\/20250517_130835040-1-1536x965.jpg 1536w, https:\/\/emygri.be\/wp-content\/uploads\/2025\/07\/20250517_130835040-1-2048x1286.jpg 2048w\" sizes=\"(max-width: 2560px) 100vw, 2560px\" \/>\t\t\t\t\t\t\t\t\t\t\t\t\t\t\t<\/div>\n\t\t\t\t<\/div>\n\t\t\t\t\t<\/div>\n\t\t\t\t<\/div>\n\t\t<div class=\"elementor-element elementor-element-b97c926 e-flex e-con-boxed e-con e-parent\" data-id=\"b97c926\" data-element_type=\"container\">\n\t\t\t\t\t<div class=\"e-con-inner\">\n\t\t<div class=\"elementor-element elementor-element-50a2d43 e-con-full e-flex e-con e-child\" data-id=\"50a2d43\" data-element_type=\"container\">\n\t\t\t\t<div class=\"elementor-element elementor-element-1c066ae elementor-widget elementor-widget-text-editor\" data-id=\"1c066ae\" data-element_type=\"widget\" data-widget_type=\"text-editor.default\">\n\t\t\t\t<div class=\"elementor-widget-container\">\n\t\t\t\t\t\t\t\t\t<h3><span style=\"font-family: tahoma, arial, helvetica, sans-serif;\">Futures<\/span><\/h3><p><span style=\"text-decoration: underline;\">2025 :<\/span><\/p><ul><li>22\/10 : Finissage de l&rsquo;exposition \u00e0 l&rsquo;Atrium 57 Gembloux<\/li><li>09\/11 au 30\/11 &#8211; Parcours d&rsquo;artiste \u00e0 Saint-Martin. Les samedis et dimanches de 13h \u00e0 18h. Chez V\u00e9ronique : <span style=\"font-size: 14px;\"><em>Rue de Beauvechain 81 &#8211; Tourinnes-la-Grosse<\/em>.<\/span><\/li><\/ul><p><span style=\"text-decoration: underline;\">2026 :<\/span><\/p><p><em>&#8230; \u00e0 venir &#8230;.<\/em><\/p>\t\t\t\t\t\t\t\t<\/div>\n\t\t\t\t<\/div>\n\t\t\t\t<\/div>\n\t\t<div class=\"elementor-element elementor-element-071d90c e-con-full e-flex e-con e-child\" data-id=\"071d90c\" data-element_type=\"container\">\n\t\t\t\t<div class=\"elementor-element elementor-element-417c5a6 elementor-widget elementor-widget-text-editor\" data-id=\"417c5a6\" data-element_type=\"widget\" data-widget_type=\"text-editor.default\">\n\t\t\t\t<div class=\"elementor-widget-container\">\n\t\t\t\t\t\t\t\t\t<h3>Pass\u00e9es<\/h3><p><span style=\"text-decoration: underline;\">2025 :<\/span><\/p><ul><li>13\/09 et 14\/09 Journ\u00e9es du patrimoine\u00a0<\/li><li>23\/09 au 24\/10 &#8211;\u00a0 Atrium 57 \u00e0 Gembloux.<\/li><\/ul><ul><li>17\/01 Female Gaze Exhibition &#8211; Exposition Num\u00e9rique dans une galeri\u00e9 \u00e0 Bruxelles.<\/li><li>17\/05 au 18\/05 &#8211; Parcours d&rsquo;artiste \u00e0 Neupr\u00e9.<\/li><\/ul><p><span style=\"text-decoration: underline;\">2024 :<\/span><\/p><p>9\/12 au 15\/12 &#8211; Affichage avec Artcrush dans les gares du pays<\/p><p><span style=\"text-decoration: underline;\">2023 :<\/span><\/p><p>Juin 2023 : exposition collective au beffroy de Namur<\/p><p><span style=\"text-decoration: underline;\">2022 :<\/span><\/p><p>12\/03 au 13\/03 &#8211; Chambres avec vue \u00e0 l&rsquo;abbaye de Malonne<\/p>\t\t\t\t\t\t\t\t<\/div>\n\t\t\t\t<\/div>\n\t\t\t\t<\/div>\n\t\t\t\t\t<\/div>\n\t\t\t\t<\/div>\n\t\t<div class=\"elementor-element elementor-element-f743199 e-flex e-con-boxed e-con e-parent\" data-id=\"f743199\" data-element_type=\"container\">\n\t\t\t\t\t<div class=\"e-con-inner\">\n\t\t\t\t\t<\/div>\n\t\t\t\t<\/div>\n\t\t<div class=\"elementor-element elementor-element-b998f50 e-flex e-con-boxed e-con e-parent\" data-id=\"b998f50\" data-element_type=\"container\">\n\t\t\t\t\t<div class=\"e-con-inner\">\n\t\t\t\t<div class=\"elementor-element elementor-element-a8e331d eael-fg-hoverer-content-align-left elementor-widget elementor-widget-eael-filterable-gallery\" data-id=\"a8e331d\" data-element_type=\"widget\" data-settings=\"{&quot;photo_gallery&quot;:&quot;yes&quot;,&quot;pagination&quot;:&quot;false&quot;}\" data-widget_type=\"eael-filterable-gallery.default\">\n\t\t\t\t<div class=\"elementor-widget-container\">\n\t\t\t\t\t<style id=\"eael-fg-inline-css-a8e331d\">@media only screen and (max-width: 2399px) {\n\t\t\t\t\t.elementor-element.elementor-element-a8e331d .eael-filterable-gallery-item-wrap {\n\t\t\t\t\t        width: 25%;\n\t\t\t\t\t    }\n\t\t\t\t\t}@media only screen and (max-width: 1024px) {\n\t\t\t\t\t.elementor-element.elementor-element-a8e331d  .eael-filterable-gallery-item-wrap {\n\t\t\t\t\t        width: 50%;\n\t\t\t\t\t    }\n\t\t\t\t\t}@media only screen and (max-width: 767px) {\n\t\t\t\t\t.elementor-element.elementor-element-a8e331d  .eael-filterable-gallery-item-wrap {\n\t\t\t\t\t        width: 100%;\n\t\t\t\t\t    }\n\t\t\t\t\t}<\/style>        <div id=\"eael-filter-gallery-wrapper-a8e331d\" class=\"eael-filter-gallery-wrapper\" data-layout-mode=\"hoverer\" data-breakpoints=\"{&quot;mobile&quot;:{&quot;label&quot;:&quot;Mobile Portrait&quot;,&quot;value&quot;:767,&quot;default_value&quot;:767,&quot;direction&quot;:&quot;max&quot;,&quot;is_enabled&quot;:true},&quot;mobile_extra&quot;:{&quot;label&quot;:&quot;Mobile Landscape&quot;,&quot;value&quot;:880,&quot;default_value&quot;:880,&quot;direction&quot;:&quot;max&quot;,&quot;is_enabled&quot;:false},&quot;tablet&quot;:{&quot;label&quot;:&quot;Tablet Portrait&quot;,&quot;value&quot;:1024,&quot;default_value&quot;:1024,&quot;direction&quot;:&quot;max&quot;,&quot;is_enabled&quot;:true},&quot;tablet_extra&quot;:{&quot;label&quot;:&quot;Tablet Landscape&quot;,&quot;value&quot;:1200,&quot;default_value&quot;:1200,&quot;direction&quot;:&quot;max&quot;,&quot;is_enabled&quot;:false},&quot;laptop&quot;:{&quot;label&quot;:&quot;Laptop&quot;,&quot;value&quot;:1366,&quot;default_value&quot;:1366,&quot;direction&quot;:&quot;max&quot;,&quot;is_enabled&quot;:false},&quot;widescreen&quot;:{&quot;label&quot;:&quot;Widescreen&quot;,&quot;value&quot;:2400,&quot;default_value&quot;:2400,&quot;direction&quot;:&quot;min&quot;,&quot;is_enabled&quot;:false}}\" data-default_control_key=\"0\" data-custom_default_control=\"1\">\n                    <div class=\"eael-filter-gallery-container eael-filter-gallery-grid\" data-images-per-page=\"\" data-total-gallery-items=\"4\" data-nomore-item-text=\"\" data-is-randomize=\"yes\" data-settings=\"{&quot;grid_style&quot;:&quot;grid&quot;,&quot;popup&quot;:&quot;none&quot;,&quot;duration&quot;:500,&quot;gallery_enabled&quot;:&quot;yes&quot;,&quot;video_gallery_yt_privacy&quot;:&quot;&quot;,&quot;control_all_text&quot;:null,&quot;post_id&quot;:489,&quot;widget_id&quot;:&quot;a8e331d&quot;}\" data-search-all=\"\" data-gallery-items=\"WyI8ZGl2IGNsYXNzPVwiZWFlbC1maWx0ZXJhYmxlLWdhbGxlcnktaXRlbS13cmFwXCI+XG5cdFx0XHRcdDxkaXYgY2xhc3M9XCJlYWVsLWdhbGxlcnktZ3JpZC1pdGVtXCI+PGRpdiBjbGFzcz1cImdhbGxlcnktaXRlbS10aHVtYm5haWwtd3JhcFwiPjxpbWcgc3JjPVwiaHR0cDpcL1wvZW15Z3JpLmJlXC93cC1jb250ZW50XC91cGxvYWRzXC8yMDI1XC8wN1wvRW15XzEwYi1zY2FsZWQuanBnXCIgZGF0YS1sYXp5LXNyYz1cImh0dHA6XC9cL2VteWdyaS5iZVwvd3AtY29udGVudFwvdXBsb2Fkc1wvMjAyNVwvMDdcL0VteV8xMGItc2NhbGVkLmpwZ1wiIGFsdD1cIlwiIGNsYXNzPVwiZ2FsbGVyeS1pdGVtLXRodW1ibmFpbFwiPjxcL2Rpdj48ZGl2IGNsYXNzPVwiZ2FsbGVyeS1pdGVtLWNhcHRpb24td3JhcCBjYXB0aW9uLXN0eWxlLWhvdmVyZXIgZWFlbC1ub25lXCI+PGRpdiBjbGFzcz1cImdhbGxlcnktaXRlbS1ob3ZlcmVyLWJnXCI+PFwvZGl2PjxkaXYgY2xhc3M9XCJnYWxsZXJ5LWl0ZW0tY2FwdGlvbi1vdmVyXCI+PGRpdiBjbGFzcz1cImZnLWl0ZW0tY29udGVudFwiPjxwPlx1MDBhMDxcL3A+XG48cD48c3BhbiBzdHlsZT1cImZvbnQtc2l6ZTogMThweDtcIj5FeHBvc2l0aW9uIGRhbnMgbGVzIGdhcmVzICYjODIxMTsgQXJ0Y3J1c2hcdTAwYTA8XC9zcGFuPjxcL3A+XG48XC9kaXY+PFwvZGl2PjxcL2Rpdj48XC9kaXY+PFwvZGl2PiIsIjxkaXYgY2xhc3M9XCJlYWVsLWZpbHRlcmFibGUtZ2FsbGVyeS1pdGVtLXdyYXBcIj5cblx0XHRcdFx0PGRpdiBjbGFzcz1cImVhZWwtZ2FsbGVyeS1ncmlkLWl0ZW1cIj48ZGl2IGNsYXNzPVwiZ2FsbGVyeS1pdGVtLXRodW1ibmFpbC13cmFwXCI+PGltZyBzcmM9XCJodHRwOlwvXC9lbXlncmkuYmVcL3dwLWNvbnRlbnRcL3VwbG9hZHNcLzIwMjVcLzA3XC8yMDI1MDUxN18xMzA4MjMxMjctc2NhbGVkLmpwZ1wiIGRhdGEtbGF6eS1zcmM9XCJodHRwOlwvXC9lbXlncmkuYmVcL3dwLWNvbnRlbnRcL3VwbG9hZHNcLzIwMjVcLzA3XC8yMDI1MDUxN18xMzA4MjMxMjctc2NhbGVkLmpwZ1wiIGFsdD1cIlwiIGNsYXNzPVwiZ2FsbGVyeS1pdGVtLXRodW1ibmFpbFwiPjxcL2Rpdj48ZGl2IGNsYXNzPVwiZ2FsbGVyeS1pdGVtLWNhcHRpb24td3JhcCBjYXB0aW9uLXN0eWxlLWhvdmVyZXIgZWFlbC1ub25lXCI+PGRpdiBjbGFzcz1cImdhbGxlcnktaXRlbS1ob3ZlcmVyLWJnXCI+PFwvZGl2PjxkaXYgY2xhc3M9XCJnYWxsZXJ5LWl0ZW0tY2FwdGlvbi1vdmVyXCI+PGRpdiBjbGFzcz1cImZnLWl0ZW0tY29udGVudFwiPjxwPjxzcGFuIHN0eWxlPVwiZm9udC1zaXplOiAxOHB4O1wiPlBhcmNvdXJzIGQmcnNxdW87YXJ0aXN0ZSAmIzgyMTE7IE5ldXByXHUwMGU5PFwvc3Bhbj48XC9wPlxuPFwvZGl2PjxcL2Rpdj48XC9kaXY+PFwvZGl2PjxcL2Rpdj4iLCI8ZGl2IGNsYXNzPVwiZWFlbC1maWx0ZXJhYmxlLWdhbGxlcnktaXRlbS13cmFwXCI+XG5cdFx0XHRcdDxkaXYgY2xhc3M9XCJlYWVsLWdhbGxlcnktZ3JpZC1pdGVtXCI+PGRpdiBjbGFzcz1cImdhbGxlcnktaXRlbS10aHVtYm5haWwtd3JhcFwiPjxpbWcgc3JjPVwiaHR0cDpcL1wvZW15Z3JpLmJlXC93cC1jb250ZW50XC91cGxvYWRzXC8yMDI1XC8wN1wvY29tcGlsLXNjYWxlZC5qcGdcIiBkYXRhLWxhenktc3JjPVwiaHR0cDpcL1wvZW15Z3JpLmJlXC93cC1jb250ZW50XC91cGxvYWRzXC8yMDI1XC8wN1wvY29tcGlsLXNjYWxlZC5qcGdcIiBhbHQ9XCJcIiBjbGFzcz1cImdhbGxlcnktaXRlbS10aHVtYm5haWxcIj48XC9kaXY+PGRpdiBjbGFzcz1cImdhbGxlcnktaXRlbS1jYXB0aW9uLXdyYXAgY2FwdGlvbi1zdHlsZS1ob3ZlcmVyIGVhZWwtbm9uZVwiPjxkaXYgY2xhc3M9XCJnYWxsZXJ5LWl0ZW0taG92ZXJlci1iZ1wiPjxcL2Rpdj48ZGl2IGNsYXNzPVwiZ2FsbGVyeS1pdGVtLWNhcHRpb24tb3ZlclwiPjxkaXYgY2xhc3M9XCJmZy1pdGVtLWNvbnRlbnRcIj48cD48c3BhbiBzdHlsZT1cImZvbnQtc2l6ZTogMThweDtcIj5QYXJjb3VycyBkJnJzcXVvO2FydGlzdGUgJiM4MjExOyBNYWxvbm5lPFwvc3Bhbj48XC9wPlxuPFwvZGl2PjxcL2Rpdj48XC9kaXY+PFwvZGl2PjxcL2Rpdj4iLCI8ZGl2IGNsYXNzPVwiZWFlbC1maWx0ZXJhYmxlLWdhbGxlcnktaXRlbS13cmFwXCI+XG5cdFx0XHRcdDxkaXYgY2xhc3M9XCJlYWVsLWdhbGxlcnktZ3JpZC1pdGVtXCI+PGRpdiBjbGFzcz1cImdhbGxlcnktaXRlbS10aHVtYm5haWwtd3JhcFwiPjxpbWcgc3JjPVwiaHR0cDpcL1wvZW15Z3JpLmJlXC93cC1jb250ZW50XC91cGxvYWRzXC8yMDI1XC8wN1wvSU1HLTIwMjQxMTMwLVdBMDAwMDEuanBnXCIgZGF0YS1sYXp5LXNyYz1cImh0dHA6XC9cL2VteWdyaS5iZVwvd3AtY29udGVudFwvdXBsb2Fkc1wvMjAyNVwvMDdcL0lNRy0yMDI0MTEzMC1XQTAwMDAxLmpwZ1wiIGFsdD1cIlwiIGNsYXNzPVwiZ2FsbGVyeS1pdGVtLXRodW1ibmFpbFwiPjxcL2Rpdj48ZGl2IGNsYXNzPVwiZ2FsbGVyeS1pdGVtLWNhcHRpb24td3JhcCBjYXB0aW9uLXN0eWxlLWhvdmVyZXIgZWFlbC1ub25lXCI+PGRpdiBjbGFzcz1cImdhbGxlcnktaXRlbS1ob3ZlcmVyLWJnXCI+PFwvZGl2PjxkaXYgY2xhc3M9XCJnYWxsZXJ5LWl0ZW0tY2FwdGlvbi1vdmVyXCI+PGRpdiBjbGFzcz1cImZnLWl0ZW0tY29udGVudFwiPjxwPjxzcGFuIHN0eWxlPVwiZm9udC1zaXplOiAxOHB4O1wiPkV4cG9zaXRpb24gZGFucyBsZXMgZ2FyZXMgJiM4MjExOyBBcnRjcnVzaFx1MDBhMDxcL3NwYW4+PFwvcD5cbjxcL2Rpdj48XC9kaXY+PFwvZGl2PjxcL2Rpdj48XC9kaXY+Il0=\" data-init-show=\"8\">\n            <div class=\"eael-filterable-gallery-item-wrap\">\n\t\t\t\t<div class=\"eael-gallery-grid-item\"><div class=\"gallery-item-thumbnail-wrap\"><img decoding=\"async\" src=\"http:\/\/emygri.be\/wp-content\/uploads\/2025\/07\/Emy_10b-scaled.jpg\" data-lazy-src=\"http:\/\/emygri.be\/wp-content\/uploads\/2025\/07\/Emy_10b-scaled.jpg\" alt=\"\" class=\"gallery-item-thumbnail\"><\/div><div class=\"gallery-item-caption-wrap caption-style-hoverer eael-none\"><div class=\"gallery-item-hoverer-bg\"><\/div><div class=\"gallery-item-caption-over\"><div class=\"fg-item-content\"><p>\u00a0<\/p>\n<p><span style=\"font-size: 18px;\">Exposition dans les gares &#8211; Artcrush\u00a0<\/span><\/p>\n<\/div><\/div><\/div><\/div><\/div><div class=\"eael-filterable-gallery-item-wrap\">\n\t\t\t\t<div class=\"eael-gallery-grid-item\"><div class=\"gallery-item-thumbnail-wrap\"><img decoding=\"async\" src=\"http:\/\/emygri.be\/wp-content\/uploads\/2025\/07\/20250517_130823127-scaled.jpg\" data-lazy-src=\"http:\/\/emygri.be\/wp-content\/uploads\/2025\/07\/20250517_130823127-scaled.jpg\" alt=\"\" class=\"gallery-item-thumbnail\"><\/div><div class=\"gallery-item-caption-wrap caption-style-hoverer eael-none\"><div class=\"gallery-item-hoverer-bg\"><\/div><div class=\"gallery-item-caption-over\"><div class=\"fg-item-content\"><p><span style=\"font-size: 18px;\">Parcours d&rsquo;artiste &#8211; Neupr\u00e9<\/span><\/p>\n<\/div><\/div><\/div><\/div><\/div><div class=\"eael-filterable-gallery-item-wrap\">\n\t\t\t\t<div class=\"eael-gallery-grid-item\"><div class=\"gallery-item-thumbnail-wrap\"><img decoding=\"async\" src=\"http:\/\/emygri.be\/wp-content\/uploads\/2025\/07\/compil-scaled.jpg\" data-lazy-src=\"http:\/\/emygri.be\/wp-content\/uploads\/2025\/07\/compil-scaled.jpg\" alt=\"\" class=\"gallery-item-thumbnail\"><\/div><div class=\"gallery-item-caption-wrap caption-style-hoverer eael-none\"><div class=\"gallery-item-hoverer-bg\"><\/div><div class=\"gallery-item-caption-over\"><div class=\"fg-item-content\"><p><span style=\"font-size: 18px;\">Parcours d&rsquo;artiste &#8211; Malonne<\/span><\/p>\n<\/div><\/div><\/div><\/div><\/div><div class=\"eael-filterable-gallery-item-wrap\">\n\t\t\t\t<div class=\"eael-gallery-grid-item\"><div class=\"gallery-item-thumbnail-wrap\"><img decoding=\"async\" src=\"http:\/\/emygri.be\/wp-content\/uploads\/2025\/07\/IMG-20241130-WA00001.jpg\" data-lazy-src=\"http:\/\/emygri.be\/wp-content\/uploads\/2025\/07\/IMG-20241130-WA00001.jpg\" alt=\"\" class=\"gallery-item-thumbnail\"><\/div><div class=\"gallery-item-caption-wrap caption-style-hoverer eael-none\"><div class=\"gallery-item-hoverer-bg\"><\/div><div class=\"gallery-item-caption-over\"><div class=\"fg-item-content\"><p><span style=\"font-size: 18px;\">Exposition dans les gares &#8211; Artcrush\u00a0<\/span><\/p>\n<\/div><\/div><\/div><\/div><\/div>        <\/div>\n                <\/div>\n        \n        \t\t\t\t<\/div>\n\t\t\t\t<\/div>\n\t\t\t\t\t<\/div>\n\t\t\t\t<\/div>\n\t\t\t\t<\/div>\n\t\t","protected":false},"excerpt":{"rendered":"<p>Futures 2025 : 22\/10 : Finissage de l&rsquo;exposition \u00e0 l&rsquo;Atrium 57 Gembloux 09\/11 au 30\/11 &#8211; Parcours d&rsquo;artiste \u00e0 Saint-Martin. Les samedis et dimanches de 13h \u00e0 18h. Chez V\u00e9ronique : Rue de Beauvechain 81 &#8211; Tourinnes-la-Grosse. 2026 : &#8230; \u00e0 venir &#8230;. Pass\u00e9es 2025 : 13\/09 et 14\/09 Journ\u00e9es du patrimoine\u00a0 23\/09 au 24\/10 [&hellip;]<\/p>\n","protected":false},"author":1,"featured_media":0,"parent":0,"menu_order":0,"comment_status":"closed","ping_status":"closed","template":"","meta":{"footnotes":""},"categories":[],"tags":[],"class_list":["post-489","page","type-page","status-publish","hentry"],"_links":{"self":[{"href":"https:\/\/emygri.be\/index.php\/wp-json\/wp\/v2\/pages\/489","targetHints":{"allow":["GET"]}}],"collection":[{"href":"https:\/\/emygri.be\/index.php\/wp-json\/wp\/v2\/pages"}],"about":[{"href":"https:\/\/emygri.be\/index.php\/wp-json\/wp\/v2\/types\/page"}],"author":[{"embeddable":true,"href":"https:\/\/emygri.be\/index.php\/wp-json\/wp\/v2\/users\/1"}],"replies":[{"embeddable":true,"href":"https:\/\/emygri.be\/index.php\/wp-json\/wp\/v2\/comments?post=489"}],"version-history":[{"count":38,"href":"https:\/\/emygri.be\/index.php\/wp-json\/wp\/v2\/pages\/489\/revisions"}],"predecessor-version":[{"id":779,"href":"https:\/\/emygri.be\/index.php\/wp-json\/wp\/v2\/pages\/489\/revisions\/779"}],"wp:attachment":[{"href":"https:\/\/emygri.be\/index.php\/wp-json\/wp\/v2\/media?parent=489"}],"wp:term":[{"taxonomy":"category","embeddable":true,"href":"https:\/\/emygri.be\/index.php\/wp-json\/wp\/v2\/categories?post=489"},{"taxonomy":"post_tag","embeddable":true,"href":"https:\/\/emygri.be\/index.php\/wp-json\/wp\/v2\/tags?post=489"}],"curies":[{"name":"wp","href":"https:\/\/api.w.org\/{rel}","templated":true}]}}